{"id":6330,"date":"2025-08-25T23:35:26","date_gmt":"2025-08-25T21:35:26","guid":{"rendered":"https:\/\/de-er.pl\/informativa-sulla-privacy\/"},"modified":"2026-02-18T00:57:41","modified_gmt":"2026-02-17T23:57:41","slug":"informativa-sulla-privacy","status":"publish","type":"page","link":"https:\/\/de-er.pl\/it\/informativa-sulla-privacy\/","title":{"rendered":"Informativa sulla privacy"},"content":{"rendered":"\t\t<div data-elementor-type=\"wp-page\" data-elementor-id=\"6330\" class=\"elementor elementor-6330 elementor-3\" data-elementor-post-type=\"page\">\n\t\t\t\t<div class=\"elementor-element elementor-element-604c303a e-flex e-con-boxed e-con e-parent\" data-id=\"604c303a\" data-element_type=\"container\" data-e-type=\"container\">\n\t\t\t\t\t<div class=\"e-con-inner\">\n\t\t\t\t<div class=\"elementor-element elementor-element-3eeb0c87 elementor-widget elementor-widget-text-editor\" data-id=\"3eeb0c87\" data-element_type=\"widget\" data-e-type=\"widget\" data-widget_type=\"text-editor.default\">\n\t\t\t\t\t\t\t\t\t<h3 data-path-to-node=\"2\">1. Titolare del trattamento dei dati<\/h3><p data-path-to-node=\"3\">L&#8217;amministratore dei dati \u00e8 <b data-path-to-node=\"3\" data-index-in-node=\"28\">DE-ER SP. Z O.O.<\/b> con sede legale a Gdynia (ul. \u017bo\u0142nierzy I Armii Wojska Polskiego 10\/B6), NIP: 5862420139, KRS: 0001185244. Contatto: <b data-path-to-node=\"3\" data-index-in-node=\"155\">kontakt@de-er.pl<\/b> o tel. <b data-path-to-node=\"3\" data-index-in-node=\"181\">+48 889 837 106<\/b>. L&#8217;Amministratore non ha nominato un Ispettore della Protezione dei Dati.  <\/p><hr data-path-to-node=\"4\"><h3 data-path-to-node=\"5\">2 Biscotti<\/h3><p data-path-to-node=\"6\">Il sito web utilizza i cookie per:<\/p><ul data-path-to-node=\"7\"><li><p data-path-to-node=\"7,0,0\"><b data-path-to-node=\"7,0,0\" data-index-in-node=\"0\">Tecnico:<\/b> garantire il corretto funzionamento del servizio.<\/p><\/li><li><p data-path-to-node=\"7,1,0\"><b data-path-to-node=\"7,1,0\" data-index-in-node=\"0\">Analitico:<\/b> studio delle statistiche di traffico (Google Analytics).<\/p><\/li><li><p data-path-to-node=\"7,2,0\"><b data-path-to-node=\"7,2,0\" data-index-in-node=\"0\">Marketing:<\/b> personalizzazione degli annunci e remarketing.<\/p><\/li><\/ul><p data-path-to-node=\"8\"><b data-path-to-node=\"8\" data-index-in-node=\"0\">Gestione dei cookie:<\/b> Puoi modificare le impostazioni del tuo browser in qualsiasi momento e cancellare i cookie. Tuttavia, la limitazione del loro utilizzo pu\u00f2 compromettere la funzionalit\u00e0 del sito web. <\/p><hr data-path-to-node=\"9\"><h3 data-path-to-node=\"10\">3 Tipi e finalit\u00e0 del trattamento dei dati<\/h3><p data-path-to-node=\"11\">Raccogliamo dati forniti volontariamente (registrazione, newsletter, commenti) e dati raccolti automaticamente (IP, tipo di browser, posizione).<\/p><table data-path-to-node=\"12\"><thead><tr><td><strong>Servizio<\/strong><\/td><td><strong>Dati elaborati<\/strong><\/td><\/tr><\/thead><tbody><tr><td><span data-path-to-node=\"12,1,0,0\"><b data-path-to-node=\"12,1,0,0\" data-index-in-node=\"0\">Account utente<\/b><\/span><\/td><td><span data-path-to-node=\"12,1,1,0\">Nome, cognome\/nickname, e-mail, numero di telefono, IP<\/span><\/td><\/tr><tr><td><span data-path-to-node=\"12,2,0,0\"><b data-path-to-node=\"12,2,0,0\" data-index-in-node=\"0\">Newsletter<\/b><\/span><\/td><td><span data-path-to-node=\"12,2,1,0\">Indirizzo e-mail<\/span><\/td><\/tr><tr><td><span data-path-to-node=\"12,3,0,0\"><b data-path-to-node=\"12,3,0,0\" data-index-in-node=\"0\">Commenti<\/b><\/span><\/td><td><span data-path-to-node=\"12,3,1,0\">Nickname, e-mail, IP<\/span><\/td><\/tr><tr><td><span data-path-to-node=\"12,4,0,0\"><b data-path-to-node=\"12,4,0,0\" data-index-in-node=\"0\">Statistiche\/Marketing<\/b><\/span><\/td><td><span data-path-to-node=\"12,4,1,0\">Dati anonimi (IP, sistema, browser)<\/span><\/td><\/tr><\/tbody><\/table><p data-path-to-node=\"13\"><b data-path-to-node=\"13\" data-index-in-node=\"0\">Scopo:<\/b> Fornitura di servizi elettronici, comunicazione con l&#8217;utente e adempimento del legittimo interesse dell&#8217;amministratore.<\/p><hr data-path-to-node=\"14\"><h3 data-path-to-node=\"15\">4 Destinatari dei dati e sicurezza<\/h3><ul data-path-to-node=\"16\"><li><p data-path-to-node=\"16,0,0\"><b data-path-to-node=\"16,0,0\" data-index-in-node=\"0\">Destinatari:<\/b> I dati possono essere affidati a enti di supporto all&#8217;infrastruttura (ad esempio l&#8217;hosting di <b data-path-to-node=\"16,0,0\" data-index-in-node=\"86\">OVH sp. z o.o.<\/b> in Polonia). <\/p><\/li><li><p data-path-to-node=\"16,1,0\"><b data-path-to-node=\"16,1,0\" data-index-in-node=\"0\">Trasferimento dei dati:<\/b> I dati personali non vengono trasferiti al di fuori dell&#8217;UE. I dati anonimi (statistici) possono essere trasferiti al di fuori dell&#8217;UE. <\/p><\/li><li><p data-path-to-node=\"16,2,0\"><b data-path-to-node=\"16,2,0\" data-index-in-node=\"0\">Nessuna profilazione:<\/b> I dati non vengono utilizzati per il processo decisionale automatizzato.<\/p><\/li><\/ul><hr data-path-to-node=\"17\"><h3 data-path-to-node=\"18\">5 Periodo di conservazione<\/h3><ul data-path-to-node=\"19\"><li><p data-path-to-node=\"19,0,0\"><b data-path-to-node=\"19,0,0\" data-index-in-node=\"0\">Dati personali:<\/b> Per la durata del servizio + fino a 30 giorni dopo la fine del servizio. In situazioni eccezionali (protezione dei reclami) fino a 3 anni. <\/p><\/li><li><p data-path-to-node=\"19,1,0\"><b data-path-to-node=\"19,1,0\" data-index-in-node=\"0\">Dati anonimi:<\/b> Memorizzati a tempo indeterminato per fini statistici.<\/p><\/li><\/ul><hr data-path-to-node=\"20\"><h3 data-path-to-node=\"21\">6 I tuoi diritti (secondo RODO)<\/h3><p data-path-to-node=\"22\">Hai il diritto di:<\/p><ul data-path-to-node=\"23\"><li><p data-path-to-node=\"23,0,0\">Ispezione, rettifica e trasferimento dei tuoi dati.<\/p><\/li><li><p data-path-to-node=\"23,1,0\"><b data-path-to-node=\"23,1,0\" data-index-in-node=\"0\">Cancellare i dati (&#8220;diritto all&#8217;oblio&#8221;)<\/b> o limitarne il trattamento.<\/p><\/li><li><p data-path-to-node=\"23,2,0\">Per opporsi al trattamento.<\/p><\/li><li><p data-path-to-node=\"23,3,0\">Presentare un reclamo all&#8217;autorit\u00e0 di vigilanza (Presidente del DPA).<\/p><\/li><\/ul><hr data-path-to-node=\"24\"><h3 data-path-to-node=\"25\">7 Disposizioni finali<\/h3><ul data-path-to-node=\"26\"><li><p data-path-to-node=\"26,0,0\">Il sito web pu\u00f2 contenere link a siti web esterni &#8211; non siamo responsabili delle loro politiche sulla privacy.<\/p><\/li><li><p data-path-to-node=\"26,1,0\">Le modifiche alla politica saranno pubblicate sul sito. Gli utenti registrati saranno informati delle modifiche via e-mail con 7 giorni di anticipo. <\/p><\/li><\/ul>\t\t\t\t\t\t\t\t<\/div>\n\t\t\t\t\t<\/div>\n\t\t\t\t<\/div>\n\t\t\t\t<\/div>\n\t\t","protected":false},"excerpt":{"rendered":"<p>1. Titolare del trattamento dei dati L&#8217;amministratore dei dati \u00e8 DE-ER SP. Z O.O. con sede legale a Gdynia (ul. \u017bo\u0142nierzy I Armii Wojska Polskiego 10\/B6), NIP: 5862420139, KRS: 0001185244. Contatto: kontakt@de-er.pl o tel. +48 889 837 106. L&#8217;Amministratore non ha nominato un Ispettore della Protezione dei Dati. 2 Biscotti Il sito web utilizza i&hellip;<\/p>\n","protected":false},"author":1,"featured_media":0,"parent":0,"menu_order":0,"comment_status":"closed","ping_status":"closed","template":"","meta":{"footnotes":""},"class_list":["post-6330","page","type-page","status-publish","hentry"],"yoast_head":"<!-- This site is optimized with the Yoast SEO plugin v27.0 - https:\/\/yoast.com\/product\/yoast-seo-wordpress\/ -->\n<title>Informativa sulla privacy - DE-ER<\/title>\n<meta name=\"robots\" content=\"index, follow, max-snippet:-1, max-image-preview:large, max-video-preview:-1\" \/>\n<link rel=\"canonical\" href=\"https:\/\/de-er.pl\/it\/informativa-sulla-privacy\/\" \/>\n<meta property=\"og:locale\" content=\"it_IT\" \/>\n<meta property=\"og:type\" content=\"article\" \/>\n<meta property=\"og:title\" content=\"Informativa sulla privacy - DE-ER\" \/>\n<meta property=\"og:description\" content=\"1. Titolare del trattamento dei dati L&#8217;amministratore dei dati \u00e8 DE-ER SP. Z O.O. con sede legale a Gdynia (ul. \u017bo\u0142nierzy I Armii Wojska Polskiego 10\/B6), NIP: 5862420139, KRS: 0001185244. Contatto: kontakt@de-er.pl o tel. +48 889 837 106. L&#8217;Amministratore non ha nominato un Ispettore della Protezione dei Dati. 2 Biscotti Il sito web utilizza i&hellip;\" \/>\n<meta property=\"og:url\" content=\"https:\/\/de-er.pl\/it\/informativa-sulla-privacy\/\" \/>\n<meta property=\"og:site_name\" content=\"DE-ER\" \/>\n<meta property=\"article:modified_time\" content=\"2026-02-17T23:57:41+00:00\" \/>\n<meta name=\"twitter:card\" content=\"summary_large_image\" \/>\n<meta name=\"twitter:label1\" content=\"Tempo di lettura stimato\" \/>\n\t<meta name=\"twitter:data1\" content=\"2 minuti\" \/>\n<script type=\"application\/ld+json\" class=\"yoast-schema-graph\">{\"@context\":\"https:\/\/schema.org\",\"@graph\":[{\"@type\":\"WebPage\",\"@id\":\"https:\/\/de-er.pl\/it\/informativa-sulla-privacy\/\",\"url\":\"https:\/\/de-er.pl\/it\/informativa-sulla-privacy\/\",\"name\":\"Informativa sulla privacy - DE-ER\",\"isPartOf\":{\"@id\":\"https:\/\/de-er.pl\/it\/#website\"},\"datePublished\":\"2025-08-25T21:35:26+00:00\",\"dateModified\":\"2026-02-17T23:57:41+00:00\",\"breadcrumb\":{\"@id\":\"https:\/\/de-er.pl\/it\/informativa-sulla-privacy\/#breadcrumb\"},\"inLanguage\":\"it-IT\",\"potentialAction\":[{\"@type\":\"ReadAction\",\"target\":[\"https:\/\/de-er.pl\/it\/informativa-sulla-privacy\/\"]}]},{\"@type\":\"BreadcrumbList\",\"@id\":\"https:\/\/de-er.pl\/it\/informativa-sulla-privacy\/#breadcrumb\",\"itemListElement\":[{\"@type\":\"ListItem\",\"position\":1,\"name\":\"Strona g\u0142\u00f3wna\",\"item\":\"https:\/\/de-er.pl\/it\/home\/\"},{\"@type\":\"ListItem\",\"position\":2,\"name\":\"Informativa sulla privacy\"}]},{\"@type\":\"WebSite\",\"@id\":\"https:\/\/de-er.pl\/it\/#website\",\"url\":\"https:\/\/de-er.pl\/it\/\",\"name\":\"DE-ER\",\"description\":\"Spawanie - Baza narz\u0119dziowa - Transport\",\"publisher\":{\"@id\":\"https:\/\/de-er.pl\/it\/#organization\"},\"potentialAction\":[{\"@type\":\"SearchAction\",\"target\":{\"@type\":\"EntryPoint\",\"urlTemplate\":\"https:\/\/de-er.pl\/it\/?s={search_term_string}\"},\"query-input\":{\"@type\":\"PropertyValueSpecification\",\"valueRequired\":true,\"valueName\":\"search_term_string\"}}],\"inLanguage\":\"it-IT\"},{\"@type\":\"Organization\",\"@id\":\"https:\/\/de-er.pl\/it\/#organization\",\"name\":\"DE-ER\",\"url\":\"https:\/\/de-er.pl\/it\/\",\"logo\":{\"@type\":\"ImageObject\",\"inLanguage\":\"it-IT\",\"@id\":\"https:\/\/de-er.pl\/it\/#\/schema\/logo\/image\/\",\"url\":\"https:\/\/de-er.pl\/wp-content\/uploads\/2025\/09\/de-er-logo.png\",\"contentUrl\":\"https:\/\/de-er.pl\/wp-content\/uploads\/2025\/09\/de-er-logo.png\",\"width\":2000,\"height\":1037,\"caption\":\"DE-ER\"},\"image\":{\"@id\":\"https:\/\/de-er.pl\/it\/#\/schema\/logo\/image\/\"}}]}<\/script>\n<!-- \/ Yoast SEO plugin. -->","yoast_head_json":{"title":"Informativa sulla privacy - DE-ER","robots":{"index":"index","follow":"follow","max-snippet":"max-snippet:-1","max-image-preview":"max-image-preview:large","max-video-preview":"max-video-preview:-1"},"canonical":"https:\/\/de-er.pl\/it\/informativa-sulla-privacy\/","og_locale":"it_IT","og_type":"article","og_title":"Informativa sulla privacy - DE-ER","og_description":"1. Titolare del trattamento dei dati L&#8217;amministratore dei dati \u00e8 DE-ER SP. Z O.O. con sede legale a Gdynia (ul. \u017bo\u0142nierzy I Armii Wojska Polskiego 10\/B6), NIP: 5862420139, KRS: 0001185244. Contatto: kontakt@de-er.pl o tel. +48 889 837 106. L&#8217;Amministratore non ha nominato un Ispettore della Protezione dei Dati. 2 Biscotti Il sito web utilizza i&hellip;","og_url":"https:\/\/de-er.pl\/it\/informativa-sulla-privacy\/","og_site_name":"DE-ER","article_modified_time":"2026-02-17T23:57:41+00:00","twitter_card":"summary_large_image","twitter_misc":{"Tempo di lettura stimato":"2 minuti"},"schema":{"@context":"https:\/\/schema.org","@graph":[{"@type":"WebPage","@id":"https:\/\/de-er.pl\/it\/informativa-sulla-privacy\/","url":"https:\/\/de-er.pl\/it\/informativa-sulla-privacy\/","name":"Informativa sulla privacy - DE-ER","isPartOf":{"@id":"https:\/\/de-er.pl\/it\/#website"},"datePublished":"2025-08-25T21:35:26+00:00","dateModified":"2026-02-17T23:57:41+00:00","breadcrumb":{"@id":"https:\/\/de-er.pl\/it\/informativa-sulla-privacy\/#breadcrumb"},"inLanguage":"it-IT","potentialAction":[{"@type":"ReadAction","target":["https:\/\/de-er.pl\/it\/informativa-sulla-privacy\/"]}]},{"@type":"BreadcrumbList","@id":"https:\/\/de-er.pl\/it\/informativa-sulla-privacy\/#breadcrumb","itemListElement":[{"@type":"ListItem","position":1,"name":"Strona g\u0142\u00f3wna","item":"https:\/\/de-er.pl\/it\/home\/"},{"@type":"ListItem","position":2,"name":"Informativa sulla privacy"}]},{"@type":"WebSite","@id":"https:\/\/de-er.pl\/it\/#website","url":"https:\/\/de-er.pl\/it\/","name":"DE-ER","description":"Spawanie - Baza narz\u0119dziowa - Transport","publisher":{"@id":"https:\/\/de-er.pl\/it\/#organization"},"potentialAction":[{"@type":"SearchAction","target":{"@type":"EntryPoint","urlTemplate":"https:\/\/de-er.pl\/it\/?s={search_term_string}"},"query-input":{"@type":"PropertyValueSpecification","valueRequired":true,"valueName":"search_term_string"}}],"inLanguage":"it-IT"},{"@type":"Organization","@id":"https:\/\/de-er.pl\/it\/#organization","name":"DE-ER","url":"https:\/\/de-er.pl\/it\/","logo":{"@type":"ImageObject","inLanguage":"it-IT","@id":"https:\/\/de-er.pl\/it\/#\/schema\/logo\/image\/","url":"https:\/\/de-er.pl\/wp-content\/uploads\/2025\/09\/de-er-logo.png","contentUrl":"https:\/\/de-er.pl\/wp-content\/uploads\/2025\/09\/de-er-logo.png","width":2000,"height":1037,"caption":"DE-ER"},"image":{"@id":"https:\/\/de-er.pl\/it\/#\/schema\/logo\/image\/"}}]}},"_links":{"self":[{"href":"https:\/\/de-er.pl\/it\/wp-json\/wp\/v2\/pages\/6330","targetHints":{"allow":["GET"]}}],"collection":[{"href":"https:\/\/de-er.pl\/it\/wp-json\/wp\/v2\/pages"}],"about":[{"href":"https:\/\/de-er.pl\/it\/wp-json\/wp\/v2\/types\/page"}],"author":[{"embeddable":true,"href":"https:\/\/de-er.pl\/it\/wp-json\/wp\/v2\/users\/1"}],"replies":[{"embeddable":true,"href":"https:\/\/de-er.pl\/it\/wp-json\/wp\/v2\/comments?post=6330"}],"version-history":[{"count":1,"href":"https:\/\/de-er.pl\/it\/wp-json\/wp\/v2\/pages\/6330\/revisions"}],"predecessor-version":[{"id":6331,"href":"https:\/\/de-er.pl\/it\/wp-json\/wp\/v2\/pages\/6330\/revisions\/6331"}],"wp:attachment":[{"href":"https:\/\/de-er.pl\/it\/wp-json\/wp\/v2\/media?parent=6330"}],"curies":[{"name":"wp","href":"https:\/\/api.w.org\/{rel}","templated":true}]}}